{"id":521,"date":"2026-01-19T12:15:01","date_gmt":"2026-01-19T12:15:01","guid":{"rendered":"https:\/\/swyftmortgage.com\/team\/"},"modified":"2026-01-19T12:23:29","modified_gmt":"2026-01-19T12:23:29","slug":"equipe","status":"publish","type":"page","link":"https:\/\/www.swyftmortgage.com\/fr\/equipe\/","title":{"rendered":"\u00c9quipe"},"content":{"rendered":"\n\t<section class=\"section\" id=\"section_2043512866\">\n\t\t<div class=\"section-bg fill\" >\n\t\t\t<img loading=\"lazy\" decoding=\"async\" width=\"2000\" height=\"546\" src=\"https:\/\/www.swyftmortgage.com\/wp-content\/uploads\/2025\/04\/ser-section-img.png\" class=\"bg attachment-original size-original\" alt=\"\" \/>\t\t\t\t\t\t\n\t\t\t\n\n\t\t<\/div>\n\n\t\t\n\n\t\t<div class=\"section-content relative\">\n\t\t\t\n\t<div id=\"gap-126269416\" class=\"gap-element clearfix\" style=\"display:block; height:auto;\">\n\t\t\n<style>\n#gap-126269416 {\n  padding-top: 130px;\n}\n@media (min-width:550px) {\n  #gap-126269416 {\n    padding-top: 160px;\n  }\n}\n<\/style>\n\t<\/div>\n\t\n<div class=\"row align-middle\" style=\"max-width:1300px\" id=\"row-927221508\">\n\n\t<div id=\"col-1508068533\" class=\"col small-12 large-12\"  >\n\t\t\t\t<div class=\"col-inner\"  >\n\t\t\t\n\t\t\t\n\t<div id=\"text-3304214256\" class=\"text title-text\">\n\t\t\n<h2>Notre \u00e9quipe<\/h2>\n\t\t\n<style>\n#text-3304214256 {\n  font-size: 1.75rem;\n  text-align: center;\n}\n@media (min-width:550px) {\n  #text-3304214256 {\n    font-size: 2.5rem;\n  }\n}\n<\/style>\n\t<\/div>\n\t\n<div class=\"row align-center\"  id=\"row-51614806\">\n\n\t<div id=\"col-2002635174\" class=\"col medium-6 small-12 large-6\"  >\n\t\t\t\t<div class=\"col-inner\"  >\n\t\t\t\n\t\t\t\n\t<div id=\"text-2403710213\" class=\"text\">\n\t\t\n<p>Vos conseillers hypoth\u00e9caires de confiance<\/p>\n\t\t\n<style>\n#text-2403710213 {\n  font-size: 1.1rem;\n  line-height: 1.75;\n  text-align: center;\n}\n@media (min-width:550px) {\n  #text-2403710213 {\n    font-size: 1.1rem;\n  }\n}\n<\/style>\n\t<\/div>\n\t\n\t\t<\/div>\n\t\t\t\t\t<\/div>\n\n\t\n<\/div>\n\t\t<\/div>\n\t\t\t\t\n<style>\n#col-1508068533 > .col-inner {\n  margin: 0px 0px -30px 0px;\n}\n@media (min-width:550px) {\n  #col-1508068533 > .col-inner {\n    margin: 0px 0px -30px 0px;\n  }\n}\n<\/style>\n\t<\/div>\n\n\t\n<\/div>\n\t\t<\/div>\n\n\t\t\n<style>\n#section_2043512866 {\n  padding-top: 0px;\n  padding-bottom: 0px;\n}\n#section_2043512866 .section-bg img {\n  object-position: 0% 100%;\n}\n@media (min-width:550px) {\n  #section_2043512866 {\n    padding-top: 30px;\n    padding-bottom: 30px;\n  }\n}\n<\/style>\n\t<\/section>\n\t\n\n\t<section class=\"section\" id=\"section_442025768\">\n\t\t<div class=\"section-bg fill\" >\n\t\t\t\t\t\t\t\t\t\n\t\t\t\n\n\t\t<\/div>\n\n\t\t\n\n\t\t<div class=\"section-content relative\">\n\t\t\t\n<div class=\"row align-middle\" style=\"max-width:1300px\" id=\"row-1846174240\">\n\n\t<div id=\"col-867935618\" class=\"col medium-6 small-12 large-6 small-col-first\"  >\n\t\t\t\t<div class=\"col-inner\"  >\n\t\t\t\n\t\t\t\n\t<div class=\"img has-hover x md-x lg-x y md-y lg-y\" id=\"image_1908563148\">\n\t\t\t\t\t\t\t\t<div class=\"img-inner dark\" >\n\t\t\t<img loading=\"lazy\" decoding=\"async\" width=\"1000\" height=\"900\" src=\"https:\/\/www.swyftmortgage.com\/wp-content\/uploads\/2026\/01\/swyft_team.png\" class=\"attachment-original size-original\" alt=\"\" srcset=\"https:\/\/www.swyftmortgage.com\/wp-content\/uploads\/2026\/01\/swyft_team.png 1000w, https:\/\/swyftmortgage.com\/wp-content\/uploads\/2026\/01\/swyft_team-300x270.png 300w, https:\/\/swyftmortgage.com\/wp-content\/uploads\/2026\/01\/swyft_team-768x691.png 768w\" sizes=\"auto, (max-width: 1000px) 100vw, 1000px\" \/>\t\t\t\t\t\t\n\t\t\t\t\t<\/div>\n\t\t\t\t\t\t\t\t\n<style>\n#image_1908563148 {\n  width: 100%;\n}\n<\/style>\n\t<\/div>\n\t\n\t\t<\/div>\n\t\t\t\t\t<\/div>\n\n\t\n\n\t<div id=\"col-1758011169\" class=\"col medium-6 small-12 large-6\"  >\n\t\t\t\t<div class=\"col-inner\"  >\n\t\t\t\n\t\t\t\n\t<div id=\"text-1871664598\" class=\"text title-text\">\n\t\t\n<h2>La diff\u00e9rence Swyft : Con\u00e7ue pour un financement rapide et flexible<\/h2>\n\t\t\n<style>\n#text-1871664598 {\n  font-size: 1.55rem;\n}\n@media (min-width:550px) {\n  #text-1871664598 {\n    font-size: 2.25rem;\n  }\n}\n<\/style>\n\t<\/div>\n\t\n<div class=\"row\"  id=\"row-498719166\">\n\n\t<div id=\"col-78490577\" class=\"col medium-11 small-12 large-11\"  >\n\t\t\t\t<div class=\"col-inner\"  >\n\t\t\t\n\t\t\t\n\t<div id=\"text-3374251187\" class=\"text\">\n\t\t\n<p>L\u2019\u00e9quipe de Swyft Hypoth\u00e8que collabore avec des courtiers hypoth\u00e9caires autoris\u00e9s afin d\u2019accompagner les clients avec clart\u00e9 et efficacit\u00e9, en r\u00e9sidentiel comme en commercial. Qu\u2019il s\u2019agisse d\u2019un achat, d\u2019un renouvellement, d\u2019un refinancement ou de financement alternatif pour des situations de revenu ou de cr\u00e9dit particuli\u00e8res, notre priorit\u00e9 est d\u2019aligner la solution sur vos objectifs.<\/p>\n\t\t\n<style>\n#text-3374251187 {\n  font-size: 1rem;\n  line-height: 1.75;\n}\n@media (min-width:550px) {\n  #text-3374251187 {\n    font-size: 1.1rem;\n  }\n}\n<\/style>\n\t<\/div>\n\t\n\t\t<\/div>\n\t\t\t\t\t<\/div>\n\n\t\n<\/div>\n\t\t<\/div>\n\t\t\t\t\n<style>\n#col-1758011169 > .col-inner {\n  margin: 0px 0px 0px 0px;\n}\n@media (min-width:550px) {\n  #col-1758011169 > .col-inner {\n    margin: 60px 0px 0px 60px;\n  }\n}\n<\/style>\n\t<\/div>\n\n\t\n<\/div>\n\t<div id=\"gap-76300327\" class=\"gap-element clearfix hide-for-small\" style=\"display:block; height:auto;\">\n\t\t\n<style>\n#gap-76300327 {\n  padding-top: 30px;\n}\n<\/style>\n\t<\/div>\n\t\n\t\t<\/div>\n\n\t\t\n<style>\n#section_442025768 {\n  padding-top: 0px;\n  padding-bottom: 0px;\n}\n@media (min-width:550px) {\n  #section_442025768 {\n    padding-top: 30px;\n    padding-bottom: 30px;\n  }\n}\n<\/style>\n\t<\/section>\n\t\n\n\t<section class=\"section\" id=\"section_45190579\">\n\t\t<div class=\"section-bg fill\" >\n\t\t\t\t\t\t\t\t\t\n\t\t\t\n\n\t\t<\/div>\n\n\t\t\n\n\t\t<div class=\"section-content relative\">\n\t\t\t\n<div class=\"row align-center\" style=\"max-width:1500px\" id=\"row-426297859\">\n\n\t<div id=\"col-111390620\" class=\"col small-12 large-12\"  >\n\t\t\t\t<div class=\"col-inner\" style=\"background-color:rgb(209, 224, 243);\" >\n\t\t\t\n\t\t\t\n<div class=\"row align-equal align-center\" style=\"max-width:1500px\" id=\"row-365569807\">\n\n\t<div id=\"col-1206512083\" class=\"col small-12 large-12\"  >\n\t\t\t\t<div class=\"col-inner\"  >\n\t\t\t\n\t\t\t\n\t<div id=\"text-1768124520\" class=\"text title-text\">\n\t\t\n<h2>Swyft Hypoth\u00e8que est offerte exclusivement par l\u2019entremise de courtiers hypoth\u00e9caires autoris\u00e9s<\/h2>\n\t\t\n<style>\n#text-1768124520 {\n  font-size: 1.55rem;\n  text-align: center;\n}\n@media (min-width:550px) {\n  #text-1768124520 {\n    font-size: 2.25rem;\n  }\n}\n<\/style>\n\t<\/div>\n\t\n\t<div id=\"text-938900315\" class=\"text\">\n\t\t\n<p>Si vous \u00eates emprunteur, nous pouvons vous mettre en relation avec un courtier et vous aider \u00e0 explorer les options adapt\u00e9es \u00e0 vos besoins.<\/p>\n<p>Solutions hypoth\u00e9caires offertes : Hypoth\u00e8ques r\u00e9sidentielles pour achat et refinancement, propri\u00e9t\u00e9s occup\u00e9es ou \u00e0 investissement, financement commercial pour propri\u00e9t\u00e9s occup\u00e9es ou \u00e0 investissement, refinancement et renouvellement pour optimiser vos conditions, et solutions de financement alternatif pour travailleurs autonomes et profils de cr\u00e9dit non traditionnels.<\/p>\n\t\t\n<style>\n#text-938900315 {\n  font-size: 1rem;\n  line-height: 1.75;\n  text-align: center;\n}\n@media (min-width:550px) {\n  #text-938900315 {\n    font-size: 1.1rem;\n  }\n}\n<\/style>\n\t<\/div>\n\t\n\t\t<\/div>\n\t\t\t\t\t<\/div>\n\n\t\n\n\t<div id=\"col-209246569\" class=\"col medium-3 small-12 large-3\"  >\n\t\t\t\t<div class=\"col-inner\"  >\n\t\t\t\n\t<div class=\"is-border\"\n\t\tstyle=\"border-color:rgb(30, 49, 96);border-radius:10px;border-width:2px 2px 2px 2px;\">\n\t<\/div>\n\t\t\t\n\t<div class=\"box has-hover img-rd-10  has-hover box-text-bottom\" >\n\n\t\t<div class=\"box-image\" >\n\t\t\t\t\t\t<div class=\"\" >\n\t\t\t\t<img loading=\"lazy\" decoding=\"async\" width=\"500\" height=\"500\" src=\"https:\/\/www.swyftmortgage.com\/wp-content\/uploads\/2026\/01\/Shant-Antounian-S.jpg\" class=\"attachment- size-\" alt=\"\" srcset=\"https:\/\/www.swyftmortgage.com\/wp-content\/uploads\/2026\/01\/Shant-Antounian-S.jpg 500w, https:\/\/swyftmortgage.com\/wp-content\/uploads\/2026\/01\/Shant-Antounian-S-300x300.jpg 300w, https:\/\/swyftmortgage.com\/wp-content\/uploads\/2026\/01\/Shant-Antounian-S-150x150.jpg 150w\" sizes=\"auto, (max-width: 500px) 100vw, 500px\" \/>\t\t\t\t\t\t\t\t\t\t\t<\/div>\n\t\t\t\t\t<\/div>\n\n\t\t<div class=\"box-text text-center\" >\n\t\t\t<div class=\"box-text-inner\">\n\t\t\t\t\n\t<div id=\"gap-572742934\" class=\"gap-element clearfix\" style=\"display:block; height:auto;\">\n\t\t\n<style>\n#gap-572742934 {\n  padding-top: 15px;\n}\n<\/style>\n\t<\/div>\n\t\n\t<div id=\"text-3177493928\" class=\"text\">\n\t\t\n<h4>Shant Antounian<\/h4>\n\t\t\n<style>\n#text-3177493928 {\n  font-size: 1rem;\n  line-height: 1.5;\n}\n@media (min-width:550px) {\n  #text-3177493928 {\n    line-height: 2;\n  }\n}\n<\/style>\n\t<\/div>\n\t\n\t<div id=\"gap-1128813619\" class=\"gap-element clearfix\" style=\"display:block; height:auto;\">\n\t\t\n<style>\n#gap-1128813619 {\n  padding-top: 5px;\n}\n<\/style>\n\t<\/div>\n\t\n\t<div id=\"text-2042284949\" class=\"text\">\n\t\t\n<p>Gestionnaire de relations d\u2019affaires<\/p>\n\t\t\n<style>\n#text-2042284949 {\n  font-size: 1rem;\n  line-height: 1.5;\n}\n<\/style>\n\t<\/div>\n\t\n\t\t\t<\/div>\n\t\t<\/div>\n\t<\/div>\n\t\n\t\t<\/div>\n\t\t\t\t\n<style>\n#col-209246569 > .col-inner {\n  padding: 20px 20px 10px 20px;\n}\n<\/style>\n\t<\/div>\n\n\t\n\n\t<div id=\"col-1991286952\" class=\"col medium-3 small-12 large-3\"  >\n\t\t\t\t<div class=\"col-inner\"  >\n\t\t\t\n\t<div class=\"is-border\"\n\t\tstyle=\"border-color:rgb(30, 49, 96);border-radius:10px;border-width:2px 2px 2px 2px;\">\n\t<\/div>\n\t\t\t\n\t<div class=\"box has-hover img-rd-10  has-hover box-text-bottom\" >\n\n\t\t<div class=\"box-image\" >\n\t\t\t\t\t\t<div class=\"\" >\n\t\t\t\t<img loading=\"lazy\" decoding=\"async\" width=\"500\" height=\"500\" src=\"https:\/\/www.swyftmortgage.com\/wp-content\/uploads\/2026\/01\/Anthony-Gurreri-S.jpg\" class=\"attachment- size-\" alt=\"\" srcset=\"https:\/\/www.swyftmortgage.com\/wp-content\/uploads\/2026\/01\/Anthony-Gurreri-S.jpg 500w, https:\/\/swyftmortgage.com\/wp-content\/uploads\/2026\/01\/Anthony-Gurreri-S-300x300.jpg 300w, https:\/\/swyftmortgage.com\/wp-content\/uploads\/2026\/01\/Anthony-Gurreri-S-150x150.jpg 150w\" sizes=\"auto, (max-width: 500px) 100vw, 500px\" \/>\t\t\t\t\t\t\t\t\t\t\t<\/div>\n\t\t\t\t\t<\/div>\n\n\t\t<div class=\"box-text text-center\" >\n\t\t\t<div class=\"box-text-inner\">\n\t\t\t\t\n\t<div id=\"gap-1848908460\" class=\"gap-element clearfix\" style=\"display:block; height:auto;\">\n\t\t\n<style>\n#gap-1848908460 {\n  padding-top: 15px;\n}\n<\/style>\n\t<\/div>\n\t\n\t<div id=\"text-4112751440\" class=\"text\">\n\t\t\n<h4>Anthony Gurreri<\/h4>\n\t\t\n<style>\n#text-4112751440 {\n  font-size: 1rem;\n  line-height: 1.5;\n}\n@media (min-width:550px) {\n  #text-4112751440 {\n    line-height: 2.5;\n  }\n}\n<\/style>\n\t<\/div>\n\t\n\t<div id=\"gap-654321808\" class=\"gap-element clearfix\" style=\"display:block; height:auto;\">\n\t\t\n<style>\n#gap-654321808 {\n  padding-top: 5px;\n}\n<\/style>\n\t<\/div>\n\t\n\t<div id=\"text-1505996933\" class=\"text\">\n\t\t\n<p>Gestionnaire de relations d\u2019affaires<\/p>\n\t\t\n<style>\n#text-1505996933 {\n  font-size: 1rem;\n  line-height: 1.5;\n}\n<\/style>\n\t<\/div>\n\t\n\t\t\t<\/div>\n\t\t<\/div>\n\t<\/div>\n\t\n\t\t<\/div>\n\t\t\t\t\n<style>\n#col-1991286952 > .col-inner {\n  padding: 20px 20px 10px 20px;\n}\n<\/style>\n\t<\/div>\n\n\t\n<\/div>\n\t\t<\/div>\n\t\t\t\t\n<style>\n#col-111390620 > .col-inner {\n  padding: 50px 20px 20px 20px;\n}\n@media (min-width:550px) {\n  #col-111390620 > .col-inner {\n    padding: 90px 90px 70px 90px;\n  }\n}\n<\/style>\n\t<\/div>\n\n\t\n\n<style>\n#row-426297859 > .col > .col-inner {\n  border-radius: 20px;\n}\n<\/style>\n<\/div>\n\t<div id=\"gap-1131960789\" class=\"gap-element clearfix hide-for-small\" style=\"display:block; height:auto;\">\n\t\t\n<style>\n#gap-1131960789 {\n  padding-top: 60px;\n}\n<\/style>\n\t<\/div>\n\t\n\t\t<\/div>\n\n\t\t\n<style>\n#section_45190579 {\n  padding-top: 0px;\n  padding-bottom: 0px;\n}\n<\/style>\n\t<\/section>\n\t\n\n\t<section class=\"section\" id=\"section_400165278\">\n\t\t<div class=\"section-bg fill\" >\n\t\t\t\t\t\t\t\t\t\n\t\t\t\n\n\t\t<\/div>\n\n\t\t\n\n\t\t<div class=\"section-content relative\">\n\t\t\t\n\n<div class=\"row align-right hide-for-small\"  id=\"row-2052241152\">\n\n\n\t<div id=\"col-1151892819\" class=\"col medium-4 small-12 large-4\"  >\n\t\t\t\t<div class=\"col-inner\"  >\n\t\t\t\n\t\t\t\n\n\t<div class=\"img has-hover x md-x lg-x y md-y lg-y\" id=\"image_939974102\">\n\t\t\t\t\t\t\t\t<div class=\"img-inner dark\" >\n\t\t\t<img loading=\"lazy\" decoding=\"async\" width=\"1380\" height=\"1120\" src=\"https:\/\/www.swyftmortgage.com\/wp-content\/uploads\/2025\/04\/blob-right.png\" class=\"attachment-original size-original\" alt=\"\" srcset=\"https:\/\/www.swyftmortgage.com\/wp-content\/uploads\/2025\/04\/blob-right.png 1380w, https:\/\/swyftmortgage.com\/wp-content\/uploads\/2025\/04\/blob-right-300x243.png 300w, https:\/\/swyftmortgage.com\/wp-content\/uploads\/2025\/04\/blob-right-1024x831.png 1024w, https:\/\/swyftmortgage.com\/wp-content\/uploads\/2025\/04\/blob-right-768x623.png 768w\" sizes=\"auto, (max-width: 1380px) 100vw, 1380px\" \/>\t\t\t\t\t\t\n\t\t\t\t\t<\/div>\n\t\t\t\t\t\t\t\t\n<style>\n#image_939974102 {\n  width: 100%;\n}\n<\/style>\n\t<\/div>\n\t\n\n\n\t\t<\/div>\n\t\t\t\t\n<style>\n#col-1151892819 > .col-inner {\n  margin: -20px 0px -270px 196px;\n}\n<\/style>\n\t<\/div>\n\n\t\n\n<\/div>\n\t<div id=\"gap-1354199731\" class=\"gap-element clearfix\" style=\"display:block; height:auto;\">\n\t\t\n<style>\n#gap-1354199731 {\n  padding-top: 60px;\n}\n@media (min-width:550px) {\n  #gap-1354199731 {\n    padding-top: 60px;\n  }\n}\n<\/style>\n\t<\/div>\n\t\n\n<div class=\"row\"  id=\"row-12092346\">\n\n\n\t<div id=\"col-1344947364\" class=\"col medium-6 small-12 large-6\"  >\n\t\t\t\t<div class=\"col-inner\"  >\n\t\t\t\n\t\t\t\n\n\t<div id=\"text-1917937320\" class=\"text title-text\">\n\t\t\n\n<h2>Contactez un courtier d\u00e8s aujourd\u2019hui<br \/>\n<\/h2>\n\n\t\t\n<style>\n#text-1917937320 {\n  font-size: 1.55rem;\n  text-align: left;\n  color: rgb(255,255,255);\n}\n#text-1917937320 > * {\n  color: rgb(255,255,255);\n}\n@media (min-width:550px) {\n  #text-1917937320 {\n    font-size: 2.25rem;\n  }\n}\n<\/style>\n\t<\/div>\n\t\n<div class=\"row row-collapse\"  id=\"row-1136076629\">\n\n\n\t<div id=\"col-2047001570\" class=\"col small-12 large-12\"  >\n\t\t\t\t<div class=\"col-inner\"  >\n\t\t\t\n\t\t\t\n\n\t<div id=\"text-1545179631\" class=\"text\">\n\t\t\n\n<p>Trouvez la solution hypoth\u00e9caire id\u00e9ale avec Swyft. <strong>Contactez-nous d\u00e8s aujourd\u2019hui<\/strong> pour parler \u00e0 un expert et explorer vos options.<\/p>\n<div id=\"gtx-trans\" style=\"position: absolute; left: 327px; top: -11.1016px;\">\n<div class=\"gtx-trans-icon\">\u00a0<\/div>\n<\/div>\n\t\t\n<style>\n#text-1545179631 {\n  font-size: 1.1rem;\n  line-height: 1.75;\n  color: rgb(255,255,255);\n}\n#text-1545179631 > * {\n  color: rgb(255,255,255);\n}\n@media (min-width:550px) {\n  #text-1545179631 {\n    font-size: 1.1rem;\n  }\n}\n<\/style>\n\t<\/div>\n\t\n\n\t\t<\/div>\n\t\t\t\t\t<\/div>\n\n\t\n\n<\/div>\n\n\t\t<\/div>\n\t\t\t\t\n<style>\n#col-1344947364 > .col-inner {\n  padding: 0px 0px 0px 0px;\n  margin: 0px 0px 0px 0px;\n}\n@media (min-width:550px) {\n  #col-1344947364 > .col-inner {\n    padding: 30px 10px 0px 0px;\n    margin: 0px 0px 0px -10px;\n  }\n}\n<\/style>\n\t<\/div>\n\n\t\n\n\t<div id=\"col-1921766388\" class=\"col medium-6 small-12 large-6\"  >\n\t\t\t\t<div class=\"col-inner\" style=\"background-color:rgb(255,255,255);\" >\n\t\t\t\n\t\t\t\n\n\n<div class=\"wpcf7 no-js\" id=\"wpcf7-f398-o1\" lang=\"fr-FR\" dir=\"ltr\" data-wpcf7-id=\"398\">\n<div class=\"screen-reader-response\"><p role=\"status\" aria-live=\"polite\" aria-atomic=\"true\"><\/p> <ul><\/ul><\/div>\n<form action=\"\/fr\/wp-json\/wp\/v2\/pages\/521#wpcf7-f398-o1\" method=\"post\" class=\"wpcf7-form init\" aria-label=\"Formulaire de contact\" novalidate=\"novalidate\" data-status=\"init\">\n<fieldset class=\"hidden-fields-container\"><input type=\"hidden\" name=\"_wpcf7\" value=\"398\" \/><input type=\"hidden\" name=\"_wpcf7_version\" value=\"6.1.5\" \/><input type=\"hidden\" name=\"_wpcf7_locale\" value=\"fr_FR\" \/><input type=\"hidden\" name=\"_wpcf7_unit_tag\" value=\"wpcf7-f398-o1\" \/><input type=\"hidden\" name=\"_wpcf7_container_post\" value=\"0\" \/><input type=\"hidden\" name=\"_wpcf7_posted_data_hash\" value=\"\" \/><input type=\"hidden\" name=\"_wpcf7_recaptcha_response\" value=\"\" \/>\n<\/fieldset>\n\t\t\t\t<style>\n\t\t\t\t\t.uacf7-uacf7style-398 label {\n\t\t\t\t\t\tfont-size: 15px;font-family: Inter, sans-serif;font-style: normal;font-weight: 500;\t\t\t\t\t}\n\n\t\t\t\t\t.uacf7-uacf7style-398 input[type=\"email\"],\n\t\t\t\t\t.uacf7-uacf7style-398 input[type=\"number\"],\n\t\t\t\t\t.uacf7-uacf7style-398 input[type=\"password\"],\n\t\t\t\t\t.uacf7-uacf7style-398 input[type=\"search\"],\n\t\t\t\t\t.uacf7-uacf7style-398 input[type=\"tel\"],\n\t\t\t\t\t.uacf7-uacf7style-398 input[type=\"text\"],\n\t\t\t\t\t.uacf7-uacf7style-398 input[type=\"url\"],\n\t\t\t\t\t.uacf7-uacf7style-398 input[type=\"date\"],\n\t\t\t\t\t.uacf7-uacf7style-398 input[type=\"radio\"],\n\t\t\t\t\t.uacf7-uacf7style-398 input[type=\"checkbox\"],\n\t\t\t\t\t.uacf7-uacf7style-398 select,\n\t\t\t\t\t.uacf7-uacf7style-398 textarea {\n\t\t\t\t\t\tfont-style: normal;font-weight: normal;height: 45px;border-style: solid!important;border-radius: 6px;margin-top: 15px;\t\t\t\t\t}\n\n\t\t\t\t\t.uacf7-uacf7style-398 .wpcf7-radio span,\n\t\t\t\t\t.uacf7-uacf7style-398 .wpcf7-checkbox span {\n\t\t\t\t\t\tfont-style: normal;font-weight: normal;\t\t\t\t\t}\n\n\t\t\t\t\t.uacf7-uacf7style-398 textarea {\n\t\t\t\t\t\t\t\t\t\t\t}\n\n\t\t\t\t\t.wpcf7-form-control-wrap select {\n\t\t\t\t\t\twidth: 100%;\n\t\t\t\t\t}\n\n\t\t\t\t\t.uacf7-uacf7style-398 input[type=\"submit\"] {\n\t\t\t\t\t\tcolor: #000000;background-color: #3cb6e9;font-size: 15px;font-style: normal;font-weight: normal;border-style: none;border-radius: 50px;padding-top: 5px;padding-right: 35px;padding-bottom: 5px;padding-left: 36px;margin-top: 20px;\t\t\t\t\t}\n\n\t\t\t\t\t.uacf7-uacf7style-398 input[type=\"submit\"]:hover {\n\t\t\t\t\t\tcolor: #ffffff;background-color: #1e3160;\t\t\t\t\t}\n\n\t\t\t\t\t.uacf7-uacf7style-398 input[type=\"submit\"] {\r\n  text-transform: none;\r\n}\t\t\t\t<\/style>\n\n\t\t\t\t<div class=\"uacf7-uacf7style uacf7-uacf7style-398\"><div class=\"uacf7-form-wrapper-container uacf7-form-398  uacf7-uacf7style uacf7-uacf7style-398\"><div class=\"uacf7-row\"><div class=\"uacf7-col-6\"><label> Pr\u00e9nom <span class=\"wpcf7-form-control-wrap\" data-name=\"first-name\"><input size=\"40\" maxlength=\"400\" class=\"wpcf7-form-control wpcf7-text wpcf7-validates-as-required\" aria-required=\"true\" aria-invalid=\"false\" value=\"\" type=\"text\" name=\"first-name\" \/><\/span> <\/label><\/div><div class=\"uacf7-col-6\"><label>Nom de famille <span class=\"wpcf7-form-control-wrap\" data-name=\"last-name\"><input size=\"40\" maxlength=\"400\" class=\"wpcf7-form-control wpcf7-text wpcf7-validates-as-required\" aria-required=\"true\" aria-invalid=\"false\" value=\"\" type=\"text\" name=\"last-name\" \/><\/span> <\/label><\/div><\/div>\n<div class=\"uacf7-row\"><div class=\"uacf7-col-6\"><label> Num\u00e9ro de t\u00e9l\u00e9phone <span class=\"wpcf7-form-control-wrap\" data-name=\"your-phone\"><input size=\"40\" maxlength=\"400\" class=\"wpcf7-form-control wpcf7-tel wpcf7-validates-as-required wpcf7-text wpcf7-validates-as-tel\" aria-required=\"true\" aria-invalid=\"false\" value=\"\" type=\"tel\" name=\"your-phone\" \/><\/span> <\/label><\/div><div class=\"uacf7-col-6\"><label> Adresse courriel <span class=\"wpcf7-form-control-wrap\" data-name=\"your-email\"><input size=\"40\" maxlength=\"400\" class=\"wpcf7-form-control wpcf7-email wpcf7-validates-as-required wpcf7-text wpcf7-validates-as-email\" autocomplete=\"email\" aria-required=\"true\" aria-invalid=\"false\" value=\"\" type=\"email\" name=\"your-email\" \/><\/span> <\/label><\/div><\/div>\n<label> Message\n    <span class=\"wpcf7-form-control-wrap\" data-name=\"your-message\"><textarea cols=\"40\" rows=\"10\" maxlength=\"2000\" class=\"wpcf7-form-control wpcf7-textarea wpcf7-validates-as-required\" aria-required=\"true\" aria-invalid=\"false\" name=\"your-message\"><\/textarea><\/span> <\/label>\n<input class=\"wpcf7-form-control wpcf7-submit has-spinner\" type=\"submit\" value=\"Contactez-nous\" \/><\/div><\/div><div class=\"wpcf7-response-output\" aria-hidden=\"true\"><\/div>\n<\/form>\n<\/div>\n\n\n\n\t\t<\/div>\n\t\t\t\t\n<style>\n#col-1921766388 > .col-inner {\n  padding: 40px 20px 20px 20px;\n  border-radius: 20px;\n}\n@media (min-width:550px) {\n  #col-1921766388 > .col-inner {\n    padding: 40px 40px 10px 40px;\n  }\n}\n<\/style>\n\t<\/div>\n\n\t\n\n<\/div>\n\t<div id=\"gap-1006347107\" class=\"gap-element clearfix\" style=\"display:block; height:auto;\">\n\t\t\n<style>\n#gap-1006347107 {\n  padding-top: 30px;\n}\n@media (min-width:550px) {\n  #gap-1006347107 {\n    padding-top: 60px;\n  }\n}\n<\/style>\n\t<\/div>\n\t\n\n<div class=\"row row-collapse hide-for-small\" style=\"max-width:1300px\" id=\"row-2046026453\">\n\n\n\t<div id=\"col-916595682\" class=\"col medium-4 small-12 large-4\"  >\n\t\t\t\t<div class=\"col-inner\"  >\n\t\t\t\n\t\t\t\n\n\t<div class=\"img has-hover x md-x lg-x y md-y lg-y\" id=\"image_1679371251\">\n\t\t\t\t\t\t\t\t<div class=\"img-inner dark\" >\n\t\t\t<img loading=\"lazy\" decoding=\"async\" width=\"1380\" height=\"1120\" src=\"https:\/\/www.swyftmortgage.com\/wp-content\/uploads\/2025\/04\/blobl.png\" class=\"attachment-original size-original\" alt=\"\" srcset=\"https:\/\/www.swyftmortgage.com\/wp-content\/uploads\/2025\/04\/blobl.png 1380w, https:\/\/swyftmortgage.com\/wp-content\/uploads\/2025\/04\/blobl-300x243.png 300w, https:\/\/swyftmortgage.com\/wp-content\/uploads\/2025\/04\/blobl-1024x831.png 1024w, https:\/\/swyftmortgage.com\/wp-content\/uploads\/2025\/04\/blobl-768x623.png 768w\" sizes=\"auto, (max-width: 1380px) 100vw, 1380px\" \/>\t\t\t\t\t\t\n\t\t\t\t\t<\/div>\n\t\t\t\t\t\t\t\t\n<style>\n#image_1679371251 {\n  width: 100%;\n}\n<\/style>\n\t<\/div>\n\t\n\n\n\t\t<\/div>\n\t\t\t\t\n<style>\n#col-916595682 > .col-inner {\n  margin: -320px 0px -40px -160px;\n}\n<\/style>\n\t<\/div>\n\n\t\n\n<\/div>\n\n\t\t<\/div>\n\n\t\t\n<style>\n#section_400165278 {\n  padding-top: 0px;\n  padding-bottom: 0px;\n  background-color: #1e3160;\n}\n<\/style>\n\t<\/section>\n\t\n","protected":false},"excerpt":{"rendered":"","protected":false},"author":1,"featured_media":0,"parent":0,"menu_order":0,"comment_status":"closed","ping_status":"closed","template":"page-transparent-header.php","meta":{"footnotes":""},"class_list":["post-521","page","type-page","status-publish","hentry"],"_links":{"self":[{"href":"https:\/\/www.swyftmortgage.com\/fr\/wp-json\/wp\/v2\/pages\/521","targetHints":{"allow":["GET"]}}],"collection":[{"href":"https:\/\/www.swyftmortgage.com\/fr\/wp-json\/wp\/v2\/pages"}],"about":[{"href":"https:\/\/www.swyftmortgage.com\/fr\/wp-json\/wp\/v2\/types\/page"}],"author":[{"embeddable":true,"href":"https:\/\/www.swyftmortgage.com\/fr\/wp-json\/wp\/v2\/users\/1"}],"replies":[{"embeddable":true,"href":"https:\/\/www.swyftmortgage.com\/fr\/wp-json\/wp\/v2\/comments?post=521"}],"version-history":[{"count":4,"href":"https:\/\/www.swyftmortgage.com\/fr\/wp-json\/wp\/v2\/pages\/521\/revisions"}],"predecessor-version":[{"id":527,"href":"https:\/\/www.swyftmortgage.com\/fr\/wp-json\/wp\/v2\/pages\/521\/revisions\/527"}],"wp:attachment":[{"href":"https:\/\/www.swyftmortgage.com\/fr\/wp-json\/wp\/v2\/media?parent=521"}],"curies":[{"name":"wp","href":"https:\/\/api.w.org\/{rel}","templated":true}]}}