{"id":413,"date":"2025-04-17T13:28:46","date_gmt":"2025-04-17T13:28:46","guid":{"rendered":"https:\/\/swyftmortgage.com\/contact-us\/"},"modified":"2025-04-29T15:51:31","modified_gmt":"2025-04-29T15:51:31","slug":"contactez-nous","status":"publish","type":"page","link":"https:\/\/www.swyftmortgage.com\/fr\/contactez-nous\/","title":{"rendered":"Contactez-nous"},"content":{"rendered":"\n\t<section class=\"section\" id=\"section_1579572203\">\n\t\t<div class=\"section-bg fill\" >\n\t\t\t<img loading=\"lazy\" decoding=\"async\" width=\"2000\" height=\"1125\" src=\"https:\/\/www.swyftmortgage.com\/wp-content\/uploads\/2025\/04\/homepage_banner.png\" class=\"bg attachment-original size-original\" alt=\"\" \/>\t\t\t\t\t\t\n\t\t\t\n\n\t\t<\/div>\n\n\t\t\n\n\t\t<div class=\"section-content relative\">\n\t\t\t\n\t<div id=\"gap-1832379748\" class=\"gap-element clearfix\" style=\"display:block; height:auto;\">\n\t\t\n<style>\n#gap-1832379748 {\n  padding-top: 160px;\n}\n@media (min-width:550px) {\n  #gap-1832379748 {\n    padding-top: 190px;\n  }\n}\n<\/style>\n\t<\/div>\n\t\n<div class=\"row\"  id=\"row-2051366075\">\n\n\t<div id=\"col-1551401221\" class=\"col medium-6 small-12 large-6\"  >\n\t\t\t\t<div class=\"col-inner\"  >\n\t\t\t\n\t\t\t\n\t<div id=\"text-952855532\" class=\"text title-text\">\n\t\t\n<h2>Contactez-nous<\/h2>\n<div id=\"gtx-trans\" style=\"position: absolute; left: -38px; top: -4.88281px;\">\n<div class=\"gtx-trans-icon\"><\/div>\n<\/div>\n\t\t\n<style>\n#text-952855532 {\n  font-size: 1.75rem;\n  text-align: center;\n  color: rgb(0,0,0);\n}\n#text-952855532 > * {\n  color: rgb(0,0,0);\n}\n@media (min-width:550px) {\n  #text-952855532 {\n    font-size: 2.25rem;\n    text-align: left;\n  }\n}\n<\/style>\n\t<\/div>\n\t\n<div class=\"row row-collapse\"  id=\"row-709279978\">\n\n\t<div id=\"col-800353197\" class=\"col medium-7 small-12 large-7\"  >\n\t\t\t\t<div class=\"col-inner\"  >\n\t\t\t\n\t\t\t\n\n\t\t<div class=\"icon-box featured-box icon-box-left text-left\"  >\n\t\t\t\t\t<div class=\"icon-box-img\" style=\"width: 20px\">\n\t\t\t\t<div class=\"icon\">\n\t\t\t\t\t<div class=\"icon-inner\" >\n\t\t\t\t\t\t<img loading=\"lazy\" decoding=\"async\" width=\"300\" height=\"300\" src=\"https:\/\/www.swyftmortgage.com\/wp-content\/uploads\/2025\/04\/pin-map-300x300.png\" class=\"attachment-medium size-medium\" alt=\"\" srcset=\"https:\/\/www.swyftmortgage.com\/wp-content\/uploads\/2025\/04\/pin-map-300x300.png 300w, https:\/\/swyftmortgage.com\/wp-content\/uploads\/2025\/04\/pin-map-150x150.png 150w, https:\/\/swyftmortgage.com\/wp-content\/uploads\/2025\/04\/pin-map.png 512w\" sizes=\"auto, (max-width: 300px) 100vw, 300px\" \/>\t\t\t\t\t<\/div>\n\t\t\t\t<\/div>\n\t\t\t<\/div>\n\t\t\t\t<div class=\"icon-box-text last-reset\">\n\t\t\t\t\t\t\t\t\t\n<p>285 Place D\u2019Youville, Suite 9, Montreal, QC H2Y 2A4 Canada<\/p>\n\t\t<\/div>\n\t<\/div>\n\t\n\t\n\t<div id=\"gap-1981578211\" class=\"gap-element clearfix\" style=\"display:block; height:auto;\">\n\t\t\n<style>\n#gap-1981578211 {\n  padding-top: 20px;\n}\n<\/style>\n\t<\/div>\n\t\n\n\t<a class=\"plain\" href=\"tel:+1%20(888)%20362-3661\" >\t<div class=\"icon-box featured-box icon-box-left text-left\"  >\n\t\t\t\t\t<div class=\"icon-box-img\" style=\"width: 20px\">\n\t\t\t\t<div class=\"icon\">\n\t\t\t\t\t<div class=\"icon-inner\" >\n\t\t\t\t\t\t<img loading=\"lazy\" decoding=\"async\" width=\"300\" height=\"300\" src=\"https:\/\/www.swyftmortgage.com\/wp-content\/uploads\/2025\/04\/phone-300x300.png\" class=\"attachment-medium size-medium\" alt=\"\" srcset=\"https:\/\/www.swyftmortgage.com\/wp-content\/uploads\/2025\/04\/phone-300x300.png 300w, https:\/\/swyftmortgage.com\/wp-content\/uploads\/2025\/04\/phone-150x150.png 150w, https:\/\/swyftmortgage.com\/wp-content\/uploads\/2025\/04\/phone.png 512w\" sizes=\"auto, (max-width: 300px) 100vw, 300px\" \/>\t\t\t\t\t<\/div>\n\t\t\t\t<\/div>\n\t\t\t<\/div>\n\t\t\t\t<div class=\"icon-box-text last-reset\">\n\t\t\t\t\t\t\t\t\t\n<p>+1 (888) 362-3661<\/p>\n\t\t<\/div>\n\t<\/div>\n\t<\/a>\n\t\n\t<div id=\"gap-520340216\" class=\"gap-element clearfix\" style=\"display:block; height:auto;\">\n\t\t\n<style>\n#gap-520340216 {\n  padding-top: 20px;\n}\n<\/style>\n\t<\/div>\n\t\n\n\t<a class=\"plain\" href=\"mailto:underwriting@swyftmortgage.com\" >\t<div class=\"icon-box featured-box icon-box-left text-left\"  >\n\t\t\t\t\t<div class=\"icon-box-img\" style=\"width: 20px\">\n\t\t\t\t<div class=\"icon\">\n\t\t\t\t\t<div class=\"icon-inner\" >\n\t\t\t\t\t\t<img loading=\"lazy\" decoding=\"async\" width=\"300\" height=\"300\" src=\"https:\/\/www.swyftmortgage.com\/wp-content\/uploads\/2025\/04\/email-300x300.png\" class=\"attachment-medium size-medium\" alt=\"\" srcset=\"https:\/\/www.swyftmortgage.com\/wp-content\/uploads\/2025\/04\/email-300x300.png 300w, https:\/\/swyftmortgage.com\/wp-content\/uploads\/2025\/04\/email-150x150.png 150w, https:\/\/swyftmortgage.com\/wp-content\/uploads\/2025\/04\/email.png 512w\" sizes=\"auto, (max-width: 300px) 100vw, 300px\" \/>\t\t\t\t\t<\/div>\n\t\t\t\t<\/div>\n\t\t\t<\/div>\n\t\t\t\t<div class=\"icon-box-text last-reset\">\n\t\t\t\t\t\t\t\t\t\n<p>underwriting@swyftmortgage.com<\/p>\n\t\t<\/div>\n\t<\/div>\n\t<\/a>\n\t\n\t\t<\/div>\n\t\t\t\t\t<\/div>\n\n\t\n<\/div>\n\t\t<\/div>\n\t\t\t\t\n<style>\n#col-1551401221 > .col-inner {\n  padding: 0px 0px 0px 0px;\n  margin: 0px 0px 0px 0px;\n}\n@media (min-width:550px) {\n  #col-1551401221 > .col-inner {\n    padding: 80px 0px 0px 0px;\n    margin: 0px 0px 0px -10px;\n  }\n}\n<\/style>\n\t<\/div>\n\n\t\n\n\t<div id=\"col-441200559\" class=\"col cta-home medium-6 small-12 large-6\"  >\n\t\t\t\t<div class=\"col-inner\" style=\"background-color:rgb(255,255,255);\" >\n\t\t\t\n\t\t\t\n\n<div class=\"wpcf7 no-js\" id=\"wpcf7-f398-o1\" lang=\"fr-FR\" dir=\"ltr\" data-wpcf7-id=\"398\">\n<div class=\"screen-reader-response\"><p role=\"status\" aria-live=\"polite\" aria-atomic=\"true\"><\/p> <ul><\/ul><\/div>\n<form action=\"\/fr\/wp-json\/wp\/v2\/pages\/413#wpcf7-f398-o1\" method=\"post\" class=\"wpcf7-form init\" aria-label=\"Formulaire de contact\" novalidate=\"novalidate\" data-status=\"init\">\n<fieldset class=\"hidden-fields-container\"><input type=\"hidden\" name=\"_wpcf7\" value=\"398\" \/><input type=\"hidden\" name=\"_wpcf7_version\" value=\"6.1.5\" \/><input type=\"hidden\" name=\"_wpcf7_locale\" value=\"fr_FR\" \/><input type=\"hidden\" name=\"_wpcf7_unit_tag\" value=\"wpcf7-f398-o1\" \/><input type=\"hidden\" name=\"_wpcf7_container_post\" value=\"0\" \/><input type=\"hidden\" name=\"_wpcf7_posted_data_hash\" value=\"\" \/><input type=\"hidden\" name=\"_wpcf7_recaptcha_response\" value=\"\" \/>\n<\/fieldset>\n\t\t\t\t<style>\n\t\t\t\t\t.uacf7-uacf7style-398 label {\n\t\t\t\t\t\tfont-size: 15px;font-family: Inter, sans-serif;font-style: normal;font-weight: 500;\t\t\t\t\t}\n\n\t\t\t\t\t.uacf7-uacf7style-398 input[type=\"email\"],\n\t\t\t\t\t.uacf7-uacf7style-398 input[type=\"number\"],\n\t\t\t\t\t.uacf7-uacf7style-398 input[type=\"password\"],\n\t\t\t\t\t.uacf7-uacf7style-398 input[type=\"search\"],\n\t\t\t\t\t.uacf7-uacf7style-398 input[type=\"tel\"],\n\t\t\t\t\t.uacf7-uacf7style-398 input[type=\"text\"],\n\t\t\t\t\t.uacf7-uacf7style-398 input[type=\"url\"],\n\t\t\t\t\t.uacf7-uacf7style-398 input[type=\"date\"],\n\t\t\t\t\t.uacf7-uacf7style-398 input[type=\"radio\"],\n\t\t\t\t\t.uacf7-uacf7style-398 input[type=\"checkbox\"],\n\t\t\t\t\t.uacf7-uacf7style-398 select,\n\t\t\t\t\t.uacf7-uacf7style-398 textarea {\n\t\t\t\t\t\tfont-style: normal;font-weight: normal;height: 45px;border-style: solid!important;border-radius: 6px;margin-top: 15px;\t\t\t\t\t}\n\n\t\t\t\t\t.uacf7-uacf7style-398 .wpcf7-radio span,\n\t\t\t\t\t.uacf7-uacf7style-398 .wpcf7-checkbox span {\n\t\t\t\t\t\tfont-style: normal;font-weight: normal;\t\t\t\t\t}\n\n\t\t\t\t\t.uacf7-uacf7style-398 textarea {\n\t\t\t\t\t\t\t\t\t\t\t}\n\n\t\t\t\t\t.wpcf7-form-control-wrap select {\n\t\t\t\t\t\twidth: 100%;\n\t\t\t\t\t}\n\n\t\t\t\t\t.uacf7-uacf7style-398 input[type=\"submit\"] {\n\t\t\t\t\t\tcolor: #000000;background-color: #3cb6e9;font-size: 15px;font-style: normal;font-weight: normal;border-style: none;border-radius: 50px;padding-top: 5px;padding-right: 35px;padding-bottom: 5px;padding-left: 36px;margin-top: 20px;\t\t\t\t\t}\n\n\t\t\t\t\t.uacf7-uacf7style-398 input[type=\"submit\"]:hover {\n\t\t\t\t\t\tcolor: #ffffff;background-color: #1e3160;\t\t\t\t\t}\n\n\t\t\t\t\t.uacf7-uacf7style-398 input[type=\"submit\"] {\r\n  text-transform: none;\r\n}\t\t\t\t<\/style>\n\n\t\t\t\t<div class=\"uacf7-uacf7style uacf7-uacf7style-398\"><div class=\"uacf7-form-wrapper-container uacf7-form-398  uacf7-uacf7style uacf7-uacf7style-398\"><div class=\"uacf7-row\"><div class=\"uacf7-col-6\"><label> Pr\u00e9nom <span class=\"wpcf7-form-control-wrap\" data-name=\"first-name\"><input size=\"40\" maxlength=\"400\" class=\"wpcf7-form-control wpcf7-text wpcf7-validates-as-required\" aria-required=\"true\" aria-invalid=\"false\" value=\"\" type=\"text\" name=\"first-name\" \/><\/span> <\/label><\/div><div class=\"uacf7-col-6\"><label>Nom de famille <span class=\"wpcf7-form-control-wrap\" data-name=\"last-name\"><input size=\"40\" maxlength=\"400\" class=\"wpcf7-form-control wpcf7-text wpcf7-validates-as-required\" aria-required=\"true\" aria-invalid=\"false\" value=\"\" type=\"text\" name=\"last-name\" \/><\/span> <\/label><\/div><\/div>\n<div class=\"uacf7-row\"><div class=\"uacf7-col-6\"><label> Num\u00e9ro de t\u00e9l\u00e9phone <span class=\"wpcf7-form-control-wrap\" data-name=\"your-phone\"><input size=\"40\" maxlength=\"400\" class=\"wpcf7-form-control wpcf7-tel wpcf7-validates-as-required wpcf7-text wpcf7-validates-as-tel\" aria-required=\"true\" aria-invalid=\"false\" value=\"\" type=\"tel\" name=\"your-phone\" \/><\/span> <\/label><\/div><div class=\"uacf7-col-6\"><label> Adresse courriel <span class=\"wpcf7-form-control-wrap\" data-name=\"your-email\"><input size=\"40\" maxlength=\"400\" class=\"wpcf7-form-control wpcf7-email wpcf7-validates-as-required wpcf7-text wpcf7-validates-as-email\" autocomplete=\"email\" aria-required=\"true\" aria-invalid=\"false\" value=\"\" type=\"email\" name=\"your-email\" \/><\/span> <\/label><\/div><\/div>\n<label> Message\n    <span class=\"wpcf7-form-control-wrap\" data-name=\"your-message\"><textarea cols=\"40\" rows=\"10\" maxlength=\"2000\" class=\"wpcf7-form-control wpcf7-textarea wpcf7-validates-as-required\" aria-required=\"true\" aria-invalid=\"false\" name=\"your-message\"><\/textarea><\/span> <\/label>\n<input class=\"wpcf7-form-control wpcf7-submit has-spinner\" type=\"submit\" value=\"Contactez-nous\" \/><\/div><\/div><div class=\"wpcf7-response-output\" aria-hidden=\"true\"><\/div>\n<\/form>\n<\/div>\n\n\t\t<\/div>\n\t\t\t\t\n<style>\n#col-441200559 > .col-inner {\n  padding: 40px 20px 20px 20px;\n  border-radius: 20px;\n}\n@media (min-width:550px) {\n  #col-441200559 > .col-inner {\n    padding: 40px 40px 10px 40px;\n  }\n}\n<\/style>\n\t<\/div>\n\n\t\n<\/div>\n\t<div id=\"gap-115476244\" class=\"gap-element clearfix\" style=\"display:block; height:auto;\">\n\t\t\n<style>\n#gap-115476244 {\n  padding-top: 60px;\n}\n<\/style>\n\t<\/div>\n\t\n<div class=\"row row-collapse row-full-width\"  id=\"row-567246064\">\n\n\t<div id=\"col-917704346\" class=\"col small-12 large-12\"  >\n\t\t\t\t<div class=\"col-inner\"  >\n\t\t\t\n\t\t\t\n\n<p><iframe loading=\"lazy\" src=\"https:\/\/snazzymaps.com\/embed\/702078\" width=\"100%\" height=\"400px\" style=\"border:none;\"><\/iframe><br \/>\n\n\t\t<\/div>\n\t\t\t\t\n<style>\n#col-917704346 > .col-inner {\n  margin: 0px 0px -30px 0px;\n}\n<\/style>\n\t<\/div>\n\n\t\n<\/div>\n\t\t<\/div>\n\n\t\t\n<style>\n#section_1579572203 {\n  padding-top: 0px;\n  padding-bottom: 0px;\n}\n#section_1579572203 .section-bg img {\n  object-position: 0% 100%;\n}\n@media (min-width:550px) {\n  #section_1579572203 {\n    padding-top: 0px;\n    padding-bottom: 0px;\n  }\n}\n<\/style>\n\t<\/section>\n\t\n","protected":false},"excerpt":{"rendered":"","protected":false},"author":1,"featured_media":0,"parent":0,"menu_order":0,"comment_status":"closed","ping_status":"closed","template":"page-transparent-header.php","meta":{"footnotes":""},"class_list":["post-413","page","type-page","status-publish","hentry"],"_links":{"self":[{"href":"https:\/\/www.swyftmortgage.com\/fr\/wp-json\/wp\/v2\/pages\/413","targetHints":{"allow":["GET"]}}],"collection":[{"href":"https:\/\/www.swyftmortgage.com\/fr\/wp-json\/wp\/v2\/pages"}],"about":[{"href":"https:\/\/www.swyftmortgage.com\/fr\/wp-json\/wp\/v2\/types\/page"}],"author":[{"embeddable":true,"href":"https:\/\/www.swyftmortgage.com\/fr\/wp-json\/wp\/v2\/users\/1"}],"replies":[{"embeddable":true,"href":"https:\/\/www.swyftmortgage.com\/fr\/wp-json\/wp\/v2\/comments?post=413"}],"version-history":[{"count":5,"href":"https:\/\/www.swyftmortgage.com\/fr\/wp-json\/wp\/v2\/pages\/413\/revisions"}],"predecessor-version":[{"id":500,"href":"https:\/\/www.swyftmortgage.com\/fr\/wp-json\/wp\/v2\/pages\/413\/revisions\/500"}],"wp:attachment":[{"href":"https:\/\/www.swyftmortgage.com\/fr\/wp-json\/wp\/v2\/media?parent=413"}],"curies":[{"name":"wp","href":"https:\/\/api.w.org\/{rel}","templated":true}]}}