{"id":408,"date":"2025-04-17T13:25:46","date_gmt":"2025-04-17T13:25:46","guid":{"rendered":"https:\/\/swyftmortgage.com\/faq\/"},"modified":"2025-04-17T16:37:01","modified_gmt":"2025-04-17T16:37:01","slug":"faq","status":"publish","type":"page","link":"https:\/\/www.swyftmortgage.com\/fr\/faq\/","title":{"rendered":"FAQ"},"content":{"rendered":"\n\t<section class=\"section\" id=\"section_1668549206\">\n\t\t<div class=\"section-bg fill\" >\n\t\t\t<img loading=\"lazy\" decoding=\"async\" width=\"2000\" height=\"1125\" src=\"https:\/\/www.swyftmortgage.com\/wp-content\/uploads\/2025\/04\/homepage_banner.png\" class=\"bg attachment-original size-original\" alt=\"\" \/>\t\t\t\t\t\t\n\t\t\t\n\n\t\t<\/div>\n\n\t\t\n\n\t\t<div class=\"section-content relative\">\n\t\t\t\n\t<div id=\"gap-1756100966\" class=\"gap-element clearfix\" style=\"display:block; height:auto;\">\n\t\t\n<style>\n#gap-1756100966 {\n  padding-top: 160px;\n}\n@media (min-width:550px) {\n  #gap-1756100966 {\n    padding-top: 160px;\n  }\n}\n<\/style>\n\t<\/div>\n\t\n<div class=\"row align-middle\" style=\"max-width:1300px\" id=\"row-1497413121\">\n\n\t<div id=\"col-400669381\" class=\"col small-12 large-12\"  >\n\t\t\t\t<div class=\"col-inner\"  >\n\t\t\t\n\t\t\t\n\t<div id=\"text-1805955642\" class=\"text title-text\">\n\t\t\n<h2>FAQ<\/h2>\n\t\t\n<style>\n#text-1805955642 {\n  font-size: 1.75rem;\n  text-align: center;\n}\n@media (min-width:550px) {\n  #text-1805955642 {\n    font-size: 2.5rem;\n  }\n}\n<\/style>\n\t<\/div>\n\t\n\t<div id=\"gap-315862814\" class=\"gap-element clearfix\" style=\"display:block; height:auto;\">\n\t\t\n<style>\n#gap-315862814 {\n  padding-top: 30px;\n}\n@media (min-width:550px) {\n  #gap-315862814 {\n    padding-top: 30px;\n  }\n}\n<\/style>\n\t<\/div>\n\t\n<div class=\"row\" style=\"max-width:1300px\" id=\"row-2139826757\">\n\n\t<div id=\"col-959336847\" class=\"col medium-6 small-12 large-6\"  >\n\t\t\t\t<div class=\"col-inner\"  >\n\t\t\t\n\t\t\t\n\n<style id=\"ea_dynamic_css402\">#sp-ea-402 .spcollapsing{height: 0; overflow: hidden; transition-property: height; transition-duration: 300ms;}#sp-ea-402.sp-easy-accordion>.sp-ea-single.eap_inactive>.ea-header a {background-color: #bb0000 !important; color: #fff !important;}#sp-ea-402.sp-easy-accordion>.sp-ea-single{ margin-bottom: 25px; border: 1px solid #bcc0ce; border-radius: 0;}#sp-ea-402.sp-easy-accordion>.sp-ea-single.ea-expand{ border-color: #bcc0ce;}#sp-ea-402.sp-easy-accordion>.sp-ea-single:hover{ border-color: #bcc0ce;}#sp-ea-402.sp-easy-accordion>.sp-ea-single>.ea-header a {background: #ffffff;}#sp-ea-402.sp-easy-accordion>.sp-ea-single.ea-expand>.ea-header a {background: #ffffff;}#sp-ea-402.sp-easy-accordion>.sp-ea-single>.ea-header:hover a {background: #ffffff;}#sp-ea-402.sp-easy-accordion>.sp-ea-single>.ea-header a .eap-title-icon { color: #444;font-size: 20px;} #sp-ea-402.sp-easy-accordion>.sp-ea-single>.ea-header a .eap-title-custom-icon {max-width: 20px;}#sp-ea-402.sp-easy-accordion>.sp-ea-single>.ea-header:hover a .eap-title-icon {color: #444;}#sp-ea-402.sp-easy-accordion>.sp-ea-single.ea-expand>.ea-header a .eap-title-icon {color: #444;}#sp-ea-402.sp-easy-accordion>.sp-ea-single>.ea-header a {padding: 15px 15px 15px 30px; color: #013334; font-size: 20px; line-height: 30px; text-align: left; letter-spacing: 0px; text-transform: none;}#sp-ea-402.sp-easy-accordion>.sp-ea-single>.ea-header:hover a {color: #013334;}#sp-ea-402.sp-easy-accordion>.sp-ea-single.ea-expand>.ea-header a {color: #013334;}#sp-ea-402.sp-easy-accordion>.sp-ea-single>.sp-collapse>.ea-body p,#sp-ea-402.sp-easy-accordion>.sp-ea-single>.sp-collapse>.ea-body{background: #fff; padding: 5px 15px 15px 30px; border-radius: 0 0 0 0; color: #3e3f43; font-size: 16px; text-align: left; letter-spacing: 0px; line-height: 26px; animation-delay: 200ms; text-transform: none;}#sp-ea-402.sp-easy-accordion>.sp-ea-single>.ea-header a .ea-expand-icon.fa:before {color: #000000; font-size: 16px; font-style: normal;}#sp-ea-402.sp-easy-accordion>.sp-ea-single>.ea-header:hover a .ea-expand-icon.fa:before {color: #000000;}#sp-ea-402.sp-easy-accordion>.sp-ea-single.ea-expand>.ea-header a .ea-expand-icon.fa:before {color: #000000;}#sp-ea-402.sp-easy-accordion>.sp-ea-single{border-radius: 0; border: 1px solid #bcc0ce;}#sp-ea-402.sp-easy-accordion>.sp-ea-single>.sp-collapse>.ea-body{border-radius: 0 0 0 0; border: none;}#sp-ea-402.sp-easy-accordion>.sp-ea-single>.ea-header a .ea-expand-icon.fa {float: right; margin-right: 10px;}#sp-ea-402.sp-easy-accordion>.sp-ea-single>.ea-header a .ea-expand-icon.fa {margin-right: 0; margin-left: 10px;}#sp-ea-402 #eap_faq_search_bar_container {display:none; opacity:0;}#sp-ea-402 #eap_faq_search_bar_container span::before{content:\"\";}#sp-ea-402.sp-easy-accordion>.sp-ea-single>.sp-collapse>.ea-body p{ padding:0px}#sp-eap-accordion-section-402.sp-eap-container .sp-eap-infinite-scroll-loader,#sp-eap-accordion-section-402.sp-eap-container div:is(.sp-eap-load-more,.sp-eap-ajax-number-pagination){text-align:center;}#sp-ea-402>.sp-ea-single>.sp-collapse>.ea-body .eap-product-price {color: #444;}#sp-ea-402.sp-easy-accordion>.sp-ea-single>.sp-collapse>.ea-body .eap-product-price del{color: rgba(68,68,68,0.71);}#sp-ea-402.sp-easy-accordion>.sp-ea-single>.sp-collapse>.ea-body .eap-product-cart-button .woocommerce a { border: 1px solid #DAD6DA;border-radius: 2px;background-color: transparent;color: #444;}#sp-ea-402.sp-easy-accordion>.sp-ea-single>.sp-collapse>.ea-body .eap-product-cart-button .woocommerce a:hover { border-color: #444;background-color: #444;color: #fff;}#sp-ea-402.sp-easy-accordion>.sp-ea-single>>.sp-collapse>.ea-body .eap-product-cart-button .eap-product-quantity .eap_input_text {border: 1px solid #DAD6DA;}#sp-ea-402.sp-easy-accordion>.sp-ea-single>.sp-collapse>.ea-body .eap-product-cart-button a.add_to_cart_button{position: relative;}<\/style><div id=\"sp-eap-accordion-section-402\" class=\"sp-eap-container\"><div id=\"sp-ea-402\" class=\"sp-ea-one sp-easy-accordion \" data-ex-icon=\"fa-angle-up\" data-col-icon=\"fa-angle-down\" data-ea-active=\"ea-click\" data-ea-mode=\"vertical\" data-ea-multi-column=\"\" data-ea-coll=\"\" data-keep-accordion=\"\" data-autoclose=\"\" data-preloader=\"\" data-scroll-active-item=\"\" data-offset-to-scroll=\"0\" data-autoplaytime=\"3000\" data-expand=\"\" data-post-id=\"402\" >\t<div class=\"ea-card ea-expand sp-ea-single\"  data-accordion-id= \"0\">\n\n\t\t<h3 class=\"ea-header\">\n\t\t\t<a class=\"collapsed\" data-sptoggle=\"spcollapse\" rel=\"nofollow\" data-sptarget=\"#collapse4020\" href=\"#\" data-title=\"efaq-quels-types-de-prets-hypothecaires-hypotheque-swyft-propose-t-il\" aria-expanded=\"true\">\n\t\t\t\t<i class=\"ea-expand-icon fa fa-angle-up\"><\/i>  Quels types de pr\u00eats hypoth\u00e9caires Hypoth\u00e8que Swyft propose-t-il ?\t\t\t<\/a>\n\t\t<\/h3>\n\n\t\t<div class=\"sp-collapse spcollapse collapsed show\" id=\"collapse4020\" data-parent=\"#sp-ea-402\">\n\t\t<div class=\"ea-body\"> \n<div class=\"ea-content-wrapper animated fadeIn\"> \n\t<p>Hypoth\u00e8que Swyft offre une vaste gamme de solutions hypoth\u00e9caires alternatives, adapt\u00e9es \u00e0 diff\u00e9rents besoins de financement.<\/p>\n<\/div>\n<\/div>\n\t\t\t<\/div>\n\t<\/div>\n\t\t<div class=\"ea-card  sp-ea-single\"  data-accordion-id= \"1\">\n\n\t\t<h3 class=\"ea-header\">\n\t\t\t<a class=\"collapsed\" data-sptoggle=\"spcollapse\" rel=\"nofollow\" data-sptarget=\"#collapse4021\" href=\"#\" data-title=\"efaq-qui-peut-faire-une-demande-de-pret-aupres-dhypotheque-swyft\" aria-expanded=\"false\">\n\t\t\t\t<i class=\"ea-expand-icon fa fa-angle-down\"><\/i>  Qui peut faire une demande de pr\u00eat aupr\u00e8s d\u2019Hypoth\u00e8que Swyft?\t\t\t<\/a>\n\t\t<\/h3>\n\n\t\t<div class=\"sp-collapse spcollapse \" id=\"collapse4021\" data-parent=\"#sp-ea-402\">\n\t\t<div class=\"ea-body\"> \n<div class=\"ea-content-wrapper animated fadeIn\"> \n\t<p>Nous travaillons avec les investisseurs immobiliers, les propri\u00e9taires d\u2019entreprise, les travailleurs autonomes, les emprunteurs ayant un historique de cr\u00e9dit entach\u00e9 mais r\u00e9tabli, et ceux disposant de sources de revenus non-traditionnelles.<\/p>\n<\/div>\n<\/div>\n\t\t\t<\/div>\n\t<\/div>\n\t\t<div class=\"ea-card  sp-ea-single\"  data-accordion-id= \"2\">\n\n\t\t<h3 class=\"ea-header\">\n\t\t\t<a class=\"collapsed\" data-sptoggle=\"spcollapse\" rel=\"nofollow\" data-sptarget=\"#collapse4022\" href=\"#\" data-title=\"efaq-quel-est-le-delai-de-traitement\" aria-expanded=\"false\">\n\t\t\t\t<i class=\"ea-expand-icon fa fa-angle-down\"><\/i>  Quel est le d\u00e9lai de traitement ?\t\t\t<\/a>\n\t\t<\/h3>\n\n\t\t<div class=\"sp-collapse spcollapse \" id=\"collapse4022\" data-parent=\"#sp-ea-402\">\n\t\t<div class=\"ea-body\"> \n<div class=\"ea-content-wrapper animated fadeIn\"> \n\t<p>Nous sommes reconnus pour notre rapidit\u00e9 de traitement. Un engagement hypoth\u00e9caire peut \u00eatre \u00e9mis en aussi peu que 24 \u00e0 48 heures, selon la complexit\u00e9 du dossier.<\/p>\n<\/div>\n<\/div>\n\t\t\t<\/div>\n\t<\/div>\n\t\t<div class=\"ea-card  sp-ea-single\"  data-accordion-id= \"3\">\n\n\t\t<h3 class=\"ea-header\">\n\t\t\t<a class=\"collapsed\" data-sptoggle=\"spcollapse\" rel=\"nofollow\" data-sptarget=\"#collapse4023\" href=\"#\" data-title=\"efaq-quels-types-de-proprietes-residentielles-sont-admissibles\" aria-expanded=\"false\">\n\t\t\t\t<i class=\"ea-expand-icon fa fa-angle-down\"><\/i>  Quels types de propri\u00e9t\u00e9s r\u00e9sidentielles sont admissibles ?\t\t\t<\/a>\n\t\t<\/h3>\n\n\t\t<div class=\"sp-collapse spcollapse \" id=\"collapse4023\" data-parent=\"#sp-ea-402\">\n\t\t<div class=\"ea-body\"> \n<div class=\"ea-content-wrapper animated fadeIn\"> \n\t<p>Nous finan\u00e7ons une vari\u00e9t\u00e9 de propri\u00e9t\u00e9s, notamment des maisons unifamiliales, des immeubles de 2 \u00e0 4 logements, des condominiums ainsi que des propri\u00e9t\u00e9s locatives \u00e0 court terme.<\/p>\n<\/div>\n<\/div>\n\t\t\t<\/div>\n\t<\/div>\n\t\t<div class=\"ea-card  sp-ea-single\"  data-accordion-id= \"4\">\n\n\t\t<h3 class=\"ea-header\">\n\t\t\t<a class=\"collapsed\" data-sptoggle=\"spcollapse\" rel=\"nofollow\" data-sptarget=\"#collapse4024\" href=\"#\" data-title=\"efaq-quels-types-de-proprietes-commerciales-sont-admissibles\" aria-expanded=\"false\">\n\t\t\t\t<i class=\"ea-expand-icon fa fa-angle-down\"><\/i>  Quels types de propri\u00e9t\u00e9s commerciales sont admissibles ?\t\t\t<\/a>\n\t\t<\/h3>\n\n\t\t<div class=\"sp-collapse spcollapse \" id=\"collapse4024\" data-parent=\"#sp-ea-402\">\n\t\t<div class=\"ea-body\"> \n<div class=\"ea-content-wrapper animated fadeIn\"> \n\t<p>Nous finan\u00e7ons les immeubles \u00e0 usage mixte, multi logements (5+), b\u00e2timents industriels, les entrep\u00f4ts, les espaces d\u2019entreposage libre-service, les parcs de maisons mobiles et les propri\u00e9t\u00e9s locatives \u00e0 court terme.<\/p>\n<\/div>\n<\/div>\n\t\t\t<\/div>\n\t<\/div>\n\t<\/div><\/div>\n\n\t\t<\/div>\n\t\t\t\t\t<\/div>\n\n\t\n\n\t<div id=\"col-1830983537\" class=\"col medium-6 small-12 large-6\"  >\n\t\t\t\t<div class=\"col-inner\"  >\n\t\t\t\n\t\t\t\n\n<style id=\"ea_dynamic_css404\">#sp-ea-404 .spcollapsing{height: 0; overflow: hidden; transition-property: height; transition-duration: 300ms;}#sp-ea-404.sp-easy-accordion>.sp-ea-single.eap_inactive>.ea-header a {background-color: #bb0000 !important; color: #fff !important;}#sp-ea-404.sp-easy-accordion>.sp-ea-single{ margin-bottom: 25px; border: 1px solid #bcc0ce; border-radius: 0;}#sp-ea-404.sp-easy-accordion>.sp-ea-single.ea-expand{ border-color: #bcc0ce;}#sp-ea-404.sp-easy-accordion>.sp-ea-single:hover{ border-color: #bcc0ce;}#sp-ea-404.sp-easy-accordion>.sp-ea-single>.ea-header a {background: #ffffff;}#sp-ea-404.sp-easy-accordion>.sp-ea-single.ea-expand>.ea-header a {background: #ffffff;}#sp-ea-404.sp-easy-accordion>.sp-ea-single>.ea-header:hover a {background: #ffffff;}#sp-ea-404.sp-easy-accordion>.sp-ea-single>.ea-header a .eap-title-icon { color: #444;font-size: 20px;} #sp-ea-404.sp-easy-accordion>.sp-ea-single>.ea-header a .eap-title-custom-icon {max-width: 20px;}#sp-ea-404.sp-easy-accordion>.sp-ea-single>.ea-header:hover a .eap-title-icon {color: #444;}#sp-ea-404.sp-easy-accordion>.sp-ea-single.ea-expand>.ea-header a .eap-title-icon {color: #444;}#sp-ea-404.sp-easy-accordion>.sp-ea-single>.ea-header a {padding: 15px 15px 15px 30px; color: #013334; font-size: 20px; line-height: 30px; text-align: left; letter-spacing: 0px; text-transform: none;}#sp-ea-404.sp-easy-accordion>.sp-ea-single>.ea-header:hover a {color: #013334;}#sp-ea-404.sp-easy-accordion>.sp-ea-single.ea-expand>.ea-header a {color: #013334;}#sp-ea-404.sp-easy-accordion>.sp-ea-single>.sp-collapse>.ea-body p,#sp-ea-404.sp-easy-accordion>.sp-ea-single>.sp-collapse>.ea-body{background: #fff; padding: 5px 15px 15px 30px; border-radius: 0 0 0 0; color: #3e3f43; font-size: 16px; text-align: left; letter-spacing: 0px; line-height: 26px; animation-delay: 200ms; text-transform: none;}#sp-ea-404.sp-easy-accordion>.sp-ea-single>.ea-header a .ea-expand-icon.fa:before {color: #000000; font-size: 16px; font-style: normal;}#sp-ea-404.sp-easy-accordion>.sp-ea-single>.ea-header:hover a .ea-expand-icon.fa:before {color: #000000;}#sp-ea-404.sp-easy-accordion>.sp-ea-single.ea-expand>.ea-header a .ea-expand-icon.fa:before {color: #000000;}#sp-ea-404.sp-easy-accordion>.sp-ea-single{border-radius: 0; border: 1px solid #bcc0ce;}#sp-ea-404.sp-easy-accordion>.sp-ea-single>.sp-collapse>.ea-body{border-radius: 0 0 0 0; border: none;}#sp-ea-404.sp-easy-accordion>.sp-ea-single>.ea-header a .ea-expand-icon.fa {float: right; margin-right: 10px;}#sp-ea-404.sp-easy-accordion>.sp-ea-single>.ea-header a .ea-expand-icon.fa {margin-right: 0; margin-left: 10px;}#sp-ea-404 #eap_faq_search_bar_container {display:none; opacity:0;}#sp-ea-404 #eap_faq_search_bar_container span::before{content:\"\";}#sp-ea-404.sp-easy-accordion>.sp-ea-single>.sp-collapse>.ea-body p{ padding:0px}#sp-eap-accordion-section-404.sp-eap-container .sp-eap-infinite-scroll-loader,#sp-eap-accordion-section-404.sp-eap-container div:is(.sp-eap-load-more,.sp-eap-ajax-number-pagination){text-align:center;}#sp-ea-404>.sp-ea-single>.sp-collapse>.ea-body .eap-product-price {color: #444;}#sp-ea-404.sp-easy-accordion>.sp-ea-single>.sp-collapse>.ea-body .eap-product-price del{color: rgba(68,68,68,0.71);}#sp-ea-404.sp-easy-accordion>.sp-ea-single>.sp-collapse>.ea-body .eap-product-cart-button .woocommerce a { border: 1px solid #DAD6DA;border-radius: 2px;background-color: transparent;color: #444;}#sp-ea-404.sp-easy-accordion>.sp-ea-single>.sp-collapse>.ea-body .eap-product-cart-button .woocommerce a:hover { border-color: #444;background-color: #444;color: #fff;}#sp-ea-404.sp-easy-accordion>.sp-ea-single>>.sp-collapse>.ea-body .eap-product-cart-button .eap-product-quantity .eap_input_text {border: 1px solid #DAD6DA;}#sp-ea-404.sp-easy-accordion>.sp-ea-single>.sp-collapse>.ea-body .eap-product-cart-button a.add_to_cart_button{position: relative;}<\/style><div id=\"sp-eap-accordion-section-404\" class=\"sp-eap-container\"><div id=\"sp-ea-404\" class=\"sp-ea-one sp-easy-accordion \" data-ex-icon=\"fa-angle-up\" data-col-icon=\"fa-angle-down\" data-ea-active=\"ea-click\" data-ea-mode=\"vertical\" data-ea-multi-column=\"\" data-ea-coll=\"\" data-keep-accordion=\"\" data-autoclose=\"\" data-preloader=\"\" data-scroll-active-item=\"\" data-offset-to-scroll=\"0\" data-autoplaytime=\"3000\" data-expand=\"\" data-post-id=\"404\" >\t<div class=\"ea-card  sp-ea-single\"  data-accordion-id= \"0\">\n\n\t\t<h3 class=\"ea-header\">\n\t\t\t<a class=\"collapsed\" data-sptoggle=\"spcollapse\" rel=\"nofollow\" data-sptarget=\"#collapse4040\" href=\"#\" data-title=\"efaq-jai-une-situation-financiere-particuliere-suis-je-quand-meme-admissible\" aria-expanded=\"false\">\n\t\t\t\t<i class=\"ea-expand-icon fa fa-angle-down\"><\/i>  J\u2019ai une situation financi\u00e8re particuli\u00e8re. Suis-je quand m\u00eame admissible ?\t\t\t<\/a>\n\t\t<\/h3>\n\n\t\t<div class=\"sp-collapse spcollapse spcollapse\" id=\"collapse4040\" data-parent=\"#sp-ea-404\">\n\t\t<div class=\"ea-body\"> \n<div class=\"ea-content-wrapper animated fadeIn\"> \n\t<p>Absolument. Nous offrons des solutions alternatives pour les travailleurs autonomes, les emprunteurs ayant un historique de cr\u00e9dit entach\u00e9 mais r\u00e9tabli, et ceux disposant de sources de revenus non-traditionnelles.<\/p>\n<\/div>\n<\/div>\n\t\t\t<\/div>\n\t<\/div>\n\t\t<div class=\"ea-card  sp-ea-single\"  data-accordion-id= \"1\">\n\n\t\t<h3 class=\"ea-header\">\n\t\t\t<a class=\"collapsed\" data-sptoggle=\"spcollapse\" rel=\"nofollow\" data-sptarget=\"#collapse4041\" href=\"#\" data-title=\"efaq-puis-je-faire-ma-demande-par-lintermediaire-dun-courtier\" aria-expanded=\"false\">\n\t\t\t\t<i class=\"ea-expand-icon fa fa-angle-down\"><\/i>  Puis-je faire ma demande par l\u2019interm\u00e9diaire d\u2019un courtier ?\t\t\t<\/a>\n\t\t<\/h3>\n\n\t\t<div class=\"sp-collapse spcollapse spcollapse\" id=\"collapse4041\" data-parent=\"#sp-ea-404\">\n\t\t<div class=\"ea-body\"> \n<div class=\"ea-content-wrapper animated fadeIn\"> \n\t<p>Oui. Nous travaillons en \u00e9troite collaboration avec les courtiers hypoth\u00e9caires. Nous serions ravis de vous en recommander un dans votre r\u00e9gion.<\/p>\n<\/div>\n<\/div>\n\t\t\t<\/div>\n\t<\/div>\n\t\t<div class=\"ea-card  sp-ea-single\"  data-accordion-id= \"2\">\n\n\t\t<h3 class=\"ea-header\">\n\t\t\t<a class=\"collapsed\" data-sptoggle=\"spcollapse\" rel=\"nofollow\" data-sptarget=\"#collapse4042\" href=\"#\" data-title=\"efaq-pourquoi-les-courtiers-choisissent-ils-swyft\" aria-expanded=\"false\">\n\t\t\t\t<i class=\"ea-expand-icon fa fa-angle-down\"><\/i>  Pourquoi les courtiers choisissent-ils Swyft ?\t\t\t<\/a>\n\t\t<\/h3>\n\n\t\t<div class=\"sp-collapse spcollapse spcollapse\" id=\"collapse4042\" data-parent=\"#sp-ea-404\">\n\t\t<div class=\"ea-body\"> \n<div class=\"ea-content-wrapper animated fadeIn\"> \n\t<p>Les courtiers nous choisissent pour notre rapidit\u00e9 de traitement, nos solutions de financement innovantes et notre approche flexible, qui leur permettent de mieux r\u00e9pondre aux besoins de leurs clients.<\/p>\n<\/div>\n<\/div>\n\t\t\t<\/div>\n\t<\/div>\n\t\t<div class=\"ea-card  sp-ea-single\"  data-accordion-id= \"3\">\n\n\t\t<h3 class=\"ea-header\">\n\t\t\t<a class=\"collapsed\" data-sptoggle=\"spcollapse\" rel=\"nofollow\" data-sptarget=\"#collapse4043\" href=\"#\" data-title=\"efaq-comment-puis-je-commencer\" aria-expanded=\"false\">\n\t\t\t\t<i class=\"ea-expand-icon fa fa-angle-down\"><\/i>  Comment puis-je commencer ?\t\t\t<\/a>\n\t\t<\/h3>\n\n\t\t<div class=\"sp-collapse spcollapse spcollapse\" id=\"collapse4043\" data-parent=\"#sp-ea-404\">\n\t\t<div class=\"ea-body\"> \n<div class=\"ea-content-wrapper animated fadeIn\"> \n\t<p>Communiquez directement avec nous ou contactez votre courtier hypoth\u00e9caire pour discuter de vos options. Nous sommes l\u00e0 pour vous aider !<\/p>\n<\/div>\n<\/div>\n\t\t\t<\/div>\n\t<\/div>\n\t<\/div><\/div>\n\n\t\t<\/div>\n\t\t\t\t\n<style>\n#col-1830983537 > .col-inner {\n  margin: -30px 0px 0px 0px;\n}\n@media (min-width:550px) {\n  #col-1830983537 > .col-inner {\n    margin: 0px 0px 0px 0px;\n  }\n}\n<\/style>\n\t<\/div>\n\n\t\n<\/div>\n\t\t<\/div>\n\t\t\t\t\n<style>\n#col-400669381 > .col-inner {\n  margin: 0px 0px -30px 0px;\n}\n@media (min-width:550px) {\n  #col-400669381 > .col-inner {\n    margin: 0px 0px -30px 0px;\n  }\n}\n<\/style>\n\t<\/div>\n\n\t\n<\/div>\n\t<div id=\"gap-680591376\" class=\"gap-element clearfix\" style=\"display:block; height:auto;\">\n\t\t\n<style>\n#gap-680591376 {\n  padding-top: 30px;\n}\n@media (min-width:550px) {\n  #gap-680591376 {\n    padding-top: 60px;\n  }\n}\n<\/style>\n\t<\/div>\n\t\n\t\t<\/div>\n\n\t\t\n<style>\n#section_1668549206 {\n  padding-top: 0px;\n  padding-bottom: 0px;\n}\n#section_1668549206 .section-bg img {\n  object-position: 0% 100%;\n}\n@media (min-width:550px) {\n  #section_1668549206 {\n    padding-top: 30px;\n    padding-bottom: 30px;\n  }\n}\n<\/style>\n\t<\/section>\n\t\n","protected":false},"excerpt":{"rendered":"","protected":false},"author":1,"featured_media":0,"parent":0,"menu_order":0,"comment_status":"closed","ping_status":"closed","template":"page-transparent-header.php","meta":{"footnotes":""},"class_list":["post-408","page","type-page","status-publish","hentry"],"_links":{"self":[{"href":"https:\/\/www.swyftmortgage.com\/fr\/wp-json\/wp\/v2\/pages\/408","targetHints":{"allow":["GET"]}}],"collection":[{"href":"https:\/\/www.swyftmortgage.com\/fr\/wp-json\/wp\/v2\/pages"}],"about":[{"href":"https:\/\/www.swyftmortgage.com\/fr\/wp-json\/wp\/v2\/types\/page"}],"author":[{"embeddable":true,"href":"https:\/\/www.swyftmortgage.com\/fr\/wp-json\/wp\/v2\/users\/1"}],"replies":[{"embeddable":true,"href":"https:\/\/www.swyftmortgage.com\/fr\/wp-json\/wp\/v2\/comments?post=408"}],"version-history":[{"count":2,"href":"https:\/\/www.swyftmortgage.com\/fr\/wp-json\/wp\/v2\/pages\/408\/revisions"}],"predecessor-version":[{"id":410,"href":"https:\/\/www.swyftmortgage.com\/fr\/wp-json\/wp\/v2\/pages\/408\/revisions\/410"}],"wp:attachment":[{"href":"https:\/\/www.swyftmortgage.com\/fr\/wp-json\/wp\/v2\/media?parent=408"}],"curies":[{"name":"wp","href":"https:\/\/api.w.org\/{rel}","templated":true}]}}